{"id":15,"date":"2025-01-27T13:56:03","date_gmt":"2025-01-27T11:56:03","guid":{"rendered":"https:\/\/seebactivewear.com\/?page_id=15"},"modified":"2025-04-23T17:40:02","modified_gmt":"2025-04-23T15:40:02","slug":"refund_returns","status":"publish","type":"page","link":"https:\/\/seebactivewear.com\/fi\/refund_returns\/","title":{"rendered":"Palautusk\u00e4yt\u00e4nt\u00f6"},"content":{"rendered":"<div data-elementor-type=\"wp-page\" data-elementor-id=\"15\" class=\"elementor elementor-15\" data-elementor-post-type=\"page\">\n\t\t\t\t<div class=\"elementor-element elementor-element-3e6e4d6 e-con-full e-flex e-con e-parent\" data-id=\"3e6e4d6\" data-element_type=\"container\" data-e-type=\"container\">\n\t\t<div class=\"elementor-element elementor-element-67a5267 e-flex e-con-boxed e-con e-child\" data-id=\"67a5267\" data-element_type=\"container\" data-e-type=\"container\">\n\t\t\t\t\t<div class=\"e-con-inner\">\n\t\t\t\t<div class=\"elementor-element elementor-element-83d50fb elementor-widget elementor-widget-image\" data-id=\"83d50fb\" data-element_type=\"widget\" data-e-type=\"widget\" data-widget_type=\"image.default\">\n\t\t\t\t<div class=\"elementor-widget-container\">\n\t\t\t\t\t\t\t\t\t\t\t\t\t\t\t<img decoding=\"async\" width=\"64\" height=\"64\" src=\"https:\/\/seebactivewear.com\/wp-content\/uploads\/2025\/01\/favicon.png\" class=\"attachment-full size-full wp-image-232 wvs-archive-product-image\" alt=\"favicon\" \/>\t\t\t\t\t\t\t\t\t\t\t\t\t\t\t<\/div>\n\t\t\t\t<\/div>\n\t\t\t\t<div class=\"elementor-element elementor-element-f6a3342 diffText elementor-widget elementor-widget-heading\" data-id=\"f6a3342\" data-element_type=\"widget\" data-e-type=\"widget\" data-widget_type=\"heading.default\">\n\t\t\t\t<div class=\"elementor-widget-container\">\n\t\t\t\t\t<h1 class=\"elementor-heading-title elementor-size-default\">Palautusk\u00e4yt\u00e4nt\u00f6<\/h1>\t\t\t\t<\/div>\n\t\t\t\t<\/div>\n\t\t\t\t\t<\/div>\n\t\t\t\t<\/div>\n\t\t<div class=\"elementor-element elementor-element-c2a56f0 e-flex e-con-boxed e-con e-child\" data-id=\"c2a56f0\" data-element_type=\"container\" data-e-type=\"container\">\n\t\t\t\t\t<div class=\"e-con-inner\">\n\t\t\t\t<div class=\"elementor-element elementor-element-cac2bc9 elementor-list-item-link-inline elementor-align-start inlineLink elementor-icon-list--layout-traditional elementor-widget elementor-widget-icon-list\" data-id=\"cac2bc9\" data-element_type=\"widget\" data-e-type=\"widget\" data-widget_type=\"icon-list.default\">\n\t\t\t\t<div class=\"elementor-widget-container\">\n\t\t\t\t\t\t\t<ul class=\"elementor-icon-list-items\">\n\t\t\t\t\t\t\t<li class=\"elementor-icon-list-item\">\n\t\t\t\t\t\t\t\t\t\t\t<span class=\"elementor-icon-list-icon\">\n\t\t\t\t\t\t\t<svg aria-hidden=\"true\" class=\"e-font-icon-svg e-fas-circle\" viewbox=\"0 0 512 512\" xmlns=\"http:\/\/www.w3.org\/2000\/svg\"><path d=\"M256 8C119 8 8 119 8 256s111 248 248 248 248-111 248-248S393 8 256 8z\"><\/path><\/svg>\t\t\t\t\t\t<\/span>\n\t\t\t\t\t\t\t\t\t\t<span class=\"elementor-icon-list-text\">Tarjoamme 14 p\u00e4iv\u00e4n palautusoikeuden k\u00e4ytt\u00e4m\u00e4tt\u00f6mille, uudelleen myyt\u00e4ville tuotteille alkuper\u00e4isess\u00e4 pakkauksessaan.<\/span>\n\t\t\t\t\t\t\t\t\t<\/li>\n\t\t\t\t\t\t\t\t<li class=\"elementor-icon-list-item\">\n\t\t\t\t\t\t\t\t\t\t\t<span class=\"elementor-icon-list-icon\">\n\t\t\t\t\t\t\t<svg aria-hidden=\"true\" class=\"e-font-icon-svg e-fas-circle\" viewbox=\"0 0 512 512\" xmlns=\"http:\/\/www.w3.org\/2000\/svg\"><path d=\"M256 8C119 8 8 119 8 256s111 248 248 248 248-111 248-248S393 8 256 8z\"><\/path><\/svg>\t\t\t\t\t\t<\/span>\n\t\t\t\t\t\t\t\t\t\t<span class=\"elementor-icon-list-text\">Jos haluat palauttaa tuotteen, ota ensin yhteytt\u00e4 meihin s\u00e4hk\u00f6postitse osoitteeseen <a href=\"mailto:info@seebactivewear.com\">info@seebactivewear.com.<\/a> Annamme sinulle lis\u00e4ohjeet ja tarvittavan palautuskoodin.<\/span>\n\t\t\t\t\t\t\t\t\t<\/li>\n\t\t\t\t\t\t\t\t<li class=\"elementor-icon-list-item\">\n\t\t\t\t\t\t\t\t\t\t\t<span class=\"elementor-icon-list-icon\">\n\t\t\t\t\t\t\t<svg aria-hidden=\"true\" class=\"e-font-icon-svg e-fas-circle\" viewbox=\"0 0 512 512\" xmlns=\"http:\/\/www.w3.org\/2000\/svg\"><path d=\"M256 8C119 8 8 119 8 256s111 248 248 248 248-111 248-248S393 8 256 8z\"><\/path><\/svg>\t\t\t\t\t\t<\/span>\n\t\t\t\t\t\t\t\t\t\t<span class=\"elementor-icon-list-text\">Kaikki palautetut tuotteet tarkastetaan ennen palautuksen hyv\u00e4ksymist\u00e4. Varmistathan, ett\u00e4 tuotteet on pakattu huolellisesti alkuper\u00e4ispakkaukseensa, k\u00e4ytt\u00e4m\u00e4tt\u00f6min\u00e4 ja merkkilaput kiinnitettyin\u00e4. <\/span>\n\t\t\t\t\t\t\t\t\t<\/li>\n\t\t\t\t\t\t\t\t<li class=\"elementor-icon-list-item\">\n\t\t\t\t\t\t\t\t\t\t\t<span class=\"elementor-icon-list-icon\">\n\t\t\t\t\t\t\t<svg aria-hidden=\"true\" class=\"e-font-icon-svg e-fas-circle\" viewbox=\"0 0 512 512\" xmlns=\"http:\/\/www.w3.org\/2000\/svg\"><path d=\"M256 8C119 8 8 119 8 256s111 248 248 248 248-111 248-248S393 8 256 8z\"><\/path><\/svg>\t\t\t\t\t\t<\/span>\n\t\t\t\t\t\t\t\t\t\t<span class=\"elementor-icon-list-text\">Emme voi palauttaa rahaa tuotteista, jotka eiv\u00e4t ole alkuper\u00e4isess\u00e4 kunnossaan tai jotka on palautettu yli 14 p\u00e4iv\u00e4\u00e4 tilauksen vastaanottamisen j\u00e4lkeen.<\/span>\n\t\t\t\t\t\t\t\t\t<\/li>\n\t\t\t\t\t\t\t\t<li class=\"elementor-icon-list-item\">\n\t\t\t\t\t\t\t\t\t\t\t<span class=\"elementor-icon-list-icon\">\n\t\t\t\t\t\t\t<svg aria-hidden=\"true\" class=\"e-font-icon-svg e-fas-circle\" viewbox=\"0 0 512 512\" xmlns=\"http:\/\/www.w3.org\/2000\/svg\"><path d=\"M256 8C119 8 8 119 8 256s111 248 248 248 248-111 248-248S393 8 256 8z\"><\/path><\/svg>\t\t\t\t\t\t<\/span>\n\t\t\t\t\t\t\t\t\t\t<span class=\"elementor-icon-list-text\">Palautukset k\u00e4sitell\u00e4\u00e4n tyypillisesti 2-5 arkip\u00e4iv\u00e4n kuluessa, ja hyvitys maksetaan samalla maksutavalla, jota k\u00e4ytit tilauksessa.<\/span>\n\t\t\t\t\t\t\t\t\t<\/li>\n\t\t\t\t\t\t\t\t<li class=\"elementor-icon-list-item\">\n\t\t\t\t\t\t\t\t\t\t\t<span class=\"elementor-icon-list-icon\">\n\t\t\t\t\t\t\t<svg aria-hidden=\"true\" class=\"e-font-icon-svg e-fas-circle\" viewbox=\"0 0 512 512\" xmlns=\"http:\/\/www.w3.org\/2000\/svg\"><path d=\"M256 8C119 8 8 119 8 256s111 248 248 248 248-111 248-248S393 8 256 8z\"><\/path><\/svg>\t\t\t\t\t\t<\/span>\n\t\t\t\t\t\t\t\t\t\t<span class=\"elementor-icon-list-text\">Asiakkaat ovat vastuussa palautettavien tuotteiden toimituskuluista.<\/span>\n\t\t\t\t\t\t\t\t\t<\/li>\n\t\t\t\t\t\t\t\t<li class=\"elementor-icon-list-item\">\n\t\t\t\t\t\t\t\t\t\t\t<span class=\"elementor-icon-list-icon\">\n\t\t\t\t\t\t\t<svg aria-hidden=\"true\" class=\"e-font-icon-svg e-fas-circle\" viewbox=\"0 0 512 512\" xmlns=\"http:\/\/www.w3.org\/2000\/svg\"><path d=\"M256 8C119 8 8 119 8 256s111 248 248 248 248-111 248-248S393 8 256 8z\"><\/path><\/svg>\t\t\t\t\t\t<\/span>\n\t\t\t\t\t\t\t\t\t\t<span class=\"elementor-icon-list-text\">Huomioithan, ett\u00e4 paketin noutamatta j\u00e4tt\u00e4minen ei ole sama asia kuin palautus. Noutamattomista tilauksista perit\u00e4\u00e4n 10 \u20ac k\u00e4sittelymaksu.<\/span>\n\t\t\t\t\t\t\t\t\t<\/li>\n\t\t\t\t\t\t\t\t<li class=\"elementor-icon-list-item\">\n\t\t\t\t\t\t\t\t\t\t\t<span class=\"elementor-icon-list-icon\">\n\t\t\t\t\t\t\t<svg aria-hidden=\"true\" class=\"e-font-icon-svg e-fas-circle\" viewbox=\"0 0 512 512\" xmlns=\"http:\/\/www.w3.org\/2000\/svg\"><path d=\"M256 8C119 8 8 119 8 256s111 248 248 248 248-111 248-248S393 8 256 8z\"><\/path><\/svg>\t\t\t\t\t\t<\/span>\n\t\t\t\t\t\t\t\t\t\t<span class=\"elementor-icon-list-text\">Jos tuote on kadonnut, vaurioitunut kuljetuksessa tai ei vastaa tilaustasi, ilmoitathan siit\u00e4 meille mahdollisimman pian osoitteeseen <a href=\"mailto:info@seebactivewear.com\">info@seebactivewear.com.<\/a><\/span>\n\t\t\t\t\t\t\t\t\t<\/li>\n\t\t\t\t\t\t\t\t<li class=\"elementor-icon-list-item\">\n\t\t\t\t\t\t\t\t\t\t\t<span class=\"elementor-icon-list-icon\">\n\t\t\t\t\t\t\t<svg aria-hidden=\"true\" class=\"e-font-icon-svg e-fas-circle\" viewbox=\"0 0 512 512\" xmlns=\"http:\/\/www.w3.org\/2000\/svg\"><path d=\"M256 8C119 8 8 119 8 256s111 248 248 248 248-111 248-248S393 8 256 8z\"><\/path><\/svg>\t\t\t\t\t\t<\/span>\n\t\t\t\t\t\t\t\t\t\t<span class=\"elementor-icon-list-text\">Jos palautat tilauksen, alkuper\u00e4ist\u00e4 toimituskulua ei palauteta.<\/span>\n\t\t\t\t\t\t\t\t\t<\/li>\n\t\t\t\t\t\t\t\t<li class=\"elementor-icon-list-item\">\n\t\t\t\t\t\t\t\t\t\t\t<span class=\"elementor-icon-list-icon\">\n\t\t\t\t\t\t\t<svg aria-hidden=\"true\" class=\"e-font-icon-svg e-fas-circle\" viewbox=\"0 0 512 512\" xmlns=\"http:\/\/www.w3.org\/2000\/svg\"><path d=\"M256 8C119 8 8 119 8 256s111 248 248 248 248-111 248-248S393 8 256 8z\"><\/path><\/svg>\t\t\t\t\t\t<\/span>\n\t\t\t\t\t\t\t\t\t\t<span class=\"elementor-icon-list-text\">Treeniohjelmilla ei ole palautusoikeutta.<\/span>\n\t\t\t\t\t\t\t\t\t<\/li>\n\t\t\t\t\t\t<\/ul>\n\t\t\t\t\t\t<\/div>\n\t\t\t\t<\/div>\n\t\t\t\t\t<\/div>\n\t\t\t\t<\/div>\n\t\t\t\t<\/div>\n\t\t\t\t<\/div>","protected":false},"excerpt":{"rendered":"<p>Return policy We offer a 14-day return policy for unused, resalable products in their original packaging. If you wish to return a product, please contact us first via email at info@seebactivewear.com. We will provide you with further instructions and the necessary return code. All returned items will be inspected before the return is approved. Please [&hellip;]<\/p>\n","protected":false},"author":1,"featured_media":0,"parent":0,"menu_order":0,"comment_status":"closed","ping_status":"closed","template":"elementor_header_footer","meta":{"_acf_changed":false,"footnotes":""},"class_list":["post-15","page","type-page","status-publish","hentry"],"acf":[],"yoast_head":"<!-- This site is optimized with the Yoast SEO plugin v27.5 - https:\/\/yoast.com\/product\/yoast-seo-wordpress\/ -->\n<title>Return Policy - SeeB<\/title>\n<meta name=\"robots\" content=\"index, follow, max-snippet:-1, max-image-preview:large, max-video-preview:-1\" \/>\n<link rel=\"canonical\" href=\"https:\/\/seebactivewear.com\/fi\/refund_returns\/\" \/>\n<meta property=\"og:locale\" content=\"fi_FI\" \/>\n<meta property=\"og:type\" content=\"article\" \/>\n<meta property=\"og:title\" content=\"Return Policy - SeeB\" \/>\n<meta property=\"og:description\" content=\"Return policy We offer a 14-day return policy for unused, resalable products in their original packaging. If you wish to return a product, please contact us first via email at info@seebactivewear.com. We will provide you with further instructions and the necessary return code. All returned items will be inspected before the return is approved. Please [&hellip;]\" \/>\n<meta property=\"og:url\" content=\"https:\/\/seebactivewear.com\/fi\/refund_returns\/\" \/>\n<meta property=\"og:site_name\" content=\"SeeB\" \/>\n<meta property=\"article:modified_time\" content=\"2025-04-23T15:40:02+00:00\" \/>\n<meta property=\"og:image\" content=\"https:\/\/seebactivewear.com\/wp-content\/uploads\/2025\/01\/favicon.png\" \/>\n\t<meta property=\"og:image:width\" content=\"64\" \/>\n\t<meta property=\"og:image:height\" content=\"64\" \/>\n\t<meta property=\"og:image:type\" content=\"image\/png\" \/>\n<meta name=\"twitter:card\" content=\"summary_large_image\" \/>\n<meta name=\"twitter:label1\" content=\"Est. reading time\" \/>\n\t<meta name=\"twitter:data1\" content=\"2 minuuttia\" \/>\n<script type=\"application\/ld+json\" class=\"yoast-schema-graph\">{\"@context\":\"https:\\\/\\\/schema.org\",\"@graph\":[{\"@type\":\"WebPage\",\"@id\":\"https:\\\/\\\/seebactivewear.com\\\/refund_returns\\\/\",\"url\":\"https:\\\/\\\/seebactivewear.com\\\/refund_returns\\\/\",\"name\":\"Return Policy - SeeB\",\"isPartOf\":{\"@id\":\"https:\\\/\\\/seebactivewear.com\\\/#website\"},\"primaryImageOfPage\":{\"@id\":\"https:\\\/\\\/seebactivewear.com\\\/refund_returns\\\/#primaryimage\"},\"image\":{\"@id\":\"https:\\\/\\\/seebactivewear.com\\\/refund_returns\\\/#primaryimage\"},\"thumbnailUrl\":\"https:\\\/\\\/seebactivewear.com\\\/wp-content\\\/uploads\\\/2025\\\/01\\\/favicon.png\",\"datePublished\":\"2025-01-27T11:56:03+00:00\",\"dateModified\":\"2025-04-23T15:40:02+00:00\",\"breadcrumb\":{\"@id\":\"https:\\\/\\\/seebactivewear.com\\\/refund_returns\\\/#breadcrumb\"},\"inLanguage\":\"fi\",\"potentialAction\":[{\"@type\":\"ReadAction\",\"target\":[\"https:\\\/\\\/seebactivewear.com\\\/refund_returns\\\/\"]}]},{\"@type\":\"ImageObject\",\"inLanguage\":\"fi\",\"@id\":\"https:\\\/\\\/seebactivewear.com\\\/refund_returns\\\/#primaryimage\",\"url\":\"https:\\\/\\\/seebactivewear.com\\\/wp-content\\\/uploads\\\/2025\\\/01\\\/favicon.png\",\"contentUrl\":\"https:\\\/\\\/seebactivewear.com\\\/wp-content\\\/uploads\\\/2025\\\/01\\\/favicon.png\"},{\"@type\":\"BreadcrumbList\",\"@id\":\"https:\\\/\\\/seebactivewear.com\\\/refund_returns\\\/#breadcrumb\",\"itemListElement\":[{\"@type\":\"ListItem\",\"position\":1,\"name\":\"Home\",\"item\":\"https:\\\/\\\/seebactivewear.com\\\/\"},{\"@type\":\"ListItem\",\"position\":2,\"name\":\"Return Policy\"}]},{\"@type\":\"WebSite\",\"@id\":\"https:\\\/\\\/seebactivewear.com\\\/#website\",\"url\":\"https:\\\/\\\/seebactivewear.com\\\/\",\"name\":\"SeeB\",\"description\":\"See Your Beauty\",\"publisher\":{\"@id\":\"https:\\\/\\\/seebactivewear.com\\\/#organization\"},\"potentialAction\":[{\"@type\":\"SearchAction\",\"target\":{\"@type\":\"EntryPoint\",\"urlTemplate\":\"https:\\\/\\\/seebactivewear.com\\\/?s={search_term_string}\"},\"query-input\":{\"@type\":\"PropertyValueSpecification\",\"valueRequired\":true,\"valueName\":\"search_term_string\"}}],\"inLanguage\":\"fi\"},{\"@type\":\"Organization\",\"@id\":\"https:\\\/\\\/seebactivewear.com\\\/#organization\",\"name\":\"SeeB\",\"url\":\"https:\\\/\\\/seebactivewear.com\\\/\",\"logo\":{\"@type\":\"ImageObject\",\"inLanguage\":\"fi\",\"@id\":\"https:\\\/\\\/seebactivewear.com\\\/#\\\/schema\\\/logo\\\/image\\\/\",\"url\":\"https:\\\/\\\/seebactivewear.com\\\/wp-content\\\/uploads\\\/2025\\\/01\\\/seeb-logo.png\",\"contentUrl\":\"https:\\\/\\\/seebactivewear.com\\\/wp-content\\\/uploads\\\/2025\\\/01\\\/seeb-logo.png\",\"width\":91,\"height\":48,\"caption\":\"SeeB\"},\"image\":{\"@id\":\"https:\\\/\\\/seebactivewear.com\\\/#\\\/schema\\\/logo\\\/image\\\/\"}}]}<\/script>\n<!-- \/ Yoast SEO plugin. -->","yoast_head_json":{"title":"Return Policy - SeeB","robots":{"index":"index","follow":"follow","max-snippet":"max-snippet:-1","max-image-preview":"max-image-preview:large","max-video-preview":"max-video-preview:-1"},"canonical":"https:\/\/seebactivewear.com\/fi\/refund_returns\/","og_locale":"fi_FI","og_type":"article","og_title":"Return Policy - SeeB","og_description":"Return policy We offer a 14-day return policy for unused, resalable products in their original packaging. If you wish to return a product, please contact us first via email at info@seebactivewear.com. We will provide you with further instructions and the necessary return code. All returned items will be inspected before the return is approved. Please [&hellip;]","og_url":"https:\/\/seebactivewear.com\/fi\/refund_returns\/","og_site_name":"SeeB","article_modified_time":"2025-04-23T15:40:02+00:00","og_image":[{"width":64,"height":64,"url":"https:\/\/seebactivewear.com\/wp-content\/uploads\/2025\/01\/favicon.png","type":"image\/png"}],"twitter_card":"summary_large_image","twitter_misc":{"Est. reading time":"2 minuuttia"},"schema":{"@context":"https:\/\/schema.org","@graph":[{"@type":"WebPage","@id":"https:\/\/seebactivewear.com\/refund_returns\/","url":"https:\/\/seebactivewear.com\/refund_returns\/","name":"Return Policy - SeeB","isPartOf":{"@id":"https:\/\/seebactivewear.com\/#website"},"primaryImageOfPage":{"@id":"https:\/\/seebactivewear.com\/refund_returns\/#primaryimage"},"image":{"@id":"https:\/\/seebactivewear.com\/refund_returns\/#primaryimage"},"thumbnailUrl":"https:\/\/seebactivewear.com\/wp-content\/uploads\/2025\/01\/favicon.png","datePublished":"2025-01-27T11:56:03+00:00","dateModified":"2025-04-23T15:40:02+00:00","breadcrumb":{"@id":"https:\/\/seebactivewear.com\/refund_returns\/#breadcrumb"},"inLanguage":"fi","potentialAction":[{"@type":"ReadAction","target":["https:\/\/seebactivewear.com\/refund_returns\/"]}]},{"@type":"ImageObject","inLanguage":"fi","@id":"https:\/\/seebactivewear.com\/refund_returns\/#primaryimage","url":"https:\/\/seebactivewear.com\/wp-content\/uploads\/2025\/01\/favicon.png","contentUrl":"https:\/\/seebactivewear.com\/wp-content\/uploads\/2025\/01\/favicon.png"},{"@type":"BreadcrumbList","@id":"https:\/\/seebactivewear.com\/refund_returns\/#breadcrumb","itemListElement":[{"@type":"ListItem","position":1,"name":"Home","item":"https:\/\/seebactivewear.com\/"},{"@type":"ListItem","position":2,"name":"Return Policy"}]},{"@type":"WebSite","@id":"https:\/\/seebactivewear.com\/#website","url":"https:\/\/seebactivewear.com\/","name":"SeeB","description":"See Your Beauty","publisher":{"@id":"https:\/\/seebactivewear.com\/#organization"},"potentialAction":[{"@type":"SearchAction","target":{"@type":"EntryPoint","urlTemplate":"https:\/\/seebactivewear.com\/?s={search_term_string}"},"query-input":{"@type":"PropertyValueSpecification","valueRequired":true,"valueName":"search_term_string"}}],"inLanguage":"fi"},{"@type":"Organization","@id":"https:\/\/seebactivewear.com\/#organization","name":"SeeB","url":"https:\/\/seebactivewear.com\/","logo":{"@type":"ImageObject","inLanguage":"fi","@id":"https:\/\/seebactivewear.com\/#\/schema\/logo\/image\/","url":"https:\/\/seebactivewear.com\/wp-content\/uploads\/2025\/01\/seeb-logo.png","contentUrl":"https:\/\/seebactivewear.com\/wp-content\/uploads\/2025\/01\/seeb-logo.png","width":91,"height":48,"caption":"SeeB"},"image":{"@id":"https:\/\/seebactivewear.com\/#\/schema\/logo\/image\/"}}]}},"_links":{"self":[{"href":"https:\/\/seebactivewear.com\/fi\/wp-json\/wp\/v2\/pages\/15","targetHints":{"allow":["GET"]}}],"collection":[{"href":"https:\/\/seebactivewear.com\/fi\/wp-json\/wp\/v2\/pages"}],"about":[{"href":"https:\/\/seebactivewear.com\/fi\/wp-json\/wp\/v2\/types\/page"}],"author":[{"embeddable":true,"href":"https:\/\/seebactivewear.com\/fi\/wp-json\/wp\/v2\/users\/1"}],"replies":[{"embeddable":true,"href":"https:\/\/seebactivewear.com\/fi\/wp-json\/wp\/v2\/comments?post=15"}],"version-history":[{"count":13,"href":"https:\/\/seebactivewear.com\/fi\/wp-json\/wp\/v2\/pages\/15\/revisions"}],"predecessor-version":[{"id":2772,"href":"https:\/\/seebactivewear.com\/fi\/wp-json\/wp\/v2\/pages\/15\/revisions\/2772"}],"wp:attachment":[{"href":"https:\/\/seebactivewear.com\/fi\/wp-json\/wp\/v2\/media?parent=15"}],"curies":[{"name":"wp","href":"https:\/\/api.w.org\/{rel}","templated":true}]}}