{"id":457,"date":"2025-01-27T13:51:35","date_gmt":"2025-01-27T11:51:35","guid":{"rendered":"https:\/\/seebactivewear.com\/?page_id=457"},"modified":"2025-02-27T13:00:24","modified_gmt":"2025-02-27T11:00:24","slug":"our-story","status":"publish","type":"page","link":"https:\/\/seebactivewear.com\/fi\/our-story\/","title":{"rendered":"Tarinamme"},"content":{"rendered":"<div data-elementor-type=\"wp-page\" data-elementor-id=\"457\" class=\"elementor elementor-457\" data-elementor-post-type=\"page\">\n\t\t\t\t<div class=\"elementor-element elementor-element-9d34c64 e-con-full e-flex e-con e-parent\" data-id=\"9d34c64\" data-element_type=\"container\" data-e-type=\"container\">\n\t\t<div class=\"elementor-element elementor-element-eb5996a e-flex e-con-boxed e-con e-child\" data-id=\"eb5996a\" data-element_type=\"container\" data-e-type=\"container\">\n\t\t\t\t\t<div class=\"e-con-inner\">\n\t\t\t\t<div class=\"elementor-element elementor-element-86584b6 elementor-widget elementor-widget-heading\" data-id=\"86584b6\" data-element_type=\"widget\" data-e-type=\"widget\" data-widget_type=\"heading.default\">\n\t\t\t\t<div class=\"elementor-widget-container\">\n\t\t\t\t\t<h5 class=\"elementor-heading-title elementor-size-default\">Meist\u00e4<\/h5>\t\t\t\t<\/div>\n\t\t\t\t<\/div>\n\t\t\t\t<div class=\"elementor-element elementor-element-0def893 diffText elementor-widget elementor-widget-heading\" data-id=\"0def893\" data-element_type=\"widget\" data-e-type=\"widget\" data-widget_type=\"heading.default\">\n\t\t\t\t<div class=\"elementor-widget-container\">\n\t\t\t\t\t<h1 class=\"elementor-heading-title elementor-size-default translation-block\">N\u00e4e <i>oma<\/i> kauneutesi<\/h1>\t\t\t\t<\/div>\n\t\t\t\t<\/div>\n\t\t\t\t<div class=\"elementor-element elementor-element-c760480 elementor-widget elementor-widget-text-editor\" data-id=\"c760480\" data-element_type=\"widget\" data-e-type=\"widget\" data-widget_type=\"text-editor.default\">\n\t\t\t\t<div class=\"elementor-widget-container\">\n\t\t\t\t\t\t\t\t\t<p>SeeB:ll\u00e4 olemme enemm\u00e4n kuin vain urheiluvaatteita \u2013 olemme yhteis\u00f6, joka perustuu itsevarmuuteen, voimaantumiseen ja itsens\u00e4 rakastamiseen. Missiomme on inspiroida jokaista naista tuntemaan itsens\u00e4 hyv\u00e4ksi omana itsen\u00e4\u00e4n, niin salilla kuin arjenkin keskell\u00e4.\u00a0<\/p>\t\t\t\t\t\t\t\t<\/div>\n\t\t\t\t<\/div>\n\t\t\t\t\t<\/div>\n\t\t\t\t<\/div>\n\t\t<div class=\"elementor-element elementor-element-7041cf9 e-con-full e-flex e-con e-child\" data-id=\"7041cf9\" data-element_type=\"container\" data-e-type=\"container\">\n\t\t<div class=\"elementor-element elementor-element-d84b242 e-con-full e-flex e-con e-child\" data-id=\"d84b242\" data-element_type=\"container\" data-e-type=\"container\">\n\t\t\t\t<div class=\"elementor-element elementor-element-2f6ac91 elementor-invisible elementor-widget elementor-widget-image\" data-id=\"2f6ac91\" data-element_type=\"widget\" data-e-type=\"widget\" data-settings=\"{&quot;_animation&quot;:&quot;fadeIn&quot;}\" data-widget_type=\"image.default\">\n\t\t\t\t<div class=\"elementor-widget-container\">\n\t\t\t\t\t\t\t\t\t\t\t\t\t\t\t<img fetchpriority=\"high\" decoding=\"async\" width=\"1286\" height=\"1560\" src=\"https:\/\/seebactivewear.com\/wp-content\/uploads\/2025\/02\/sara-v1.jpg\" class=\"attachment-full size-full wp-image-1705 wvs-archive-product-image\" alt=\"\" srcset=\"https:\/\/seebactivewear.com\/wp-content\/uploads\/2025\/02\/sara-v1.jpg 1286w, https:\/\/seebactivewear.com\/wp-content\/uploads\/2025\/02\/sara-v1-247x300.jpg 247w, https:\/\/seebactivewear.com\/wp-content\/uploads\/2025\/02\/sara-v1-844x1024.jpg 844w, https:\/\/seebactivewear.com\/wp-content\/uploads\/2025\/02\/sara-v1-768x932.jpg 768w, https:\/\/seebactivewear.com\/wp-content\/uploads\/2025\/02\/sara-v1-1266x1536.jpg 1266w, https:\/\/seebactivewear.com\/wp-content\/uploads\/2025\/02\/sara-v1-10x12.jpg 10w, https:\/\/seebactivewear.com\/wp-content\/uploads\/2025\/02\/sara-v1-300x364.jpg 300w, https:\/\/seebactivewear.com\/wp-content\/uploads\/2025\/02\/sara-v1-600x728.jpg 600w\" sizes=\"(max-width: 1286px) 100vw, 1286px\" \/>\t\t\t\t\t\t\t\t\t\t\t\t\t\t\t<\/div>\n\t\t\t\t<\/div>\n\t\t\t\t<\/div>\n\t\t<div class=\"elementor-element elementor-element-5b4ae72 e-con-full e-flex e-con e-child\" data-id=\"5b4ae72\" data-element_type=\"container\" data-e-type=\"container\">\n\t\t\t\t<div class=\"elementor-element elementor-element-6955907 elementor-widget elementor-widget-heading\" data-id=\"6955907\" data-element_type=\"widget\" data-e-type=\"widget\" data-widget_type=\"heading.default\">\n\t\t\t\t<div class=\"elementor-widget-container\">\n\t\t\t\t\t<h2 class=\"elementor-heading-title elementor-size-default\">Moikka!<\/h2>\t\t\t\t<\/div>\n\t\t\t\t<\/div>\n\t\t\t\t<div class=\"elementor-element elementor-element-b0069fc elementor-widget elementor-widget-text-editor\" data-id=\"b0069fc\" data-element_type=\"widget\" data-e-type=\"widget\" data-widget_type=\"text-editor.default\">\n\t\t\t\t<div class=\"elementor-widget-container\">\n\t\t\t\t\t\t\t\t\t<div>Aivan ensimm\u00e4isen\u00e4 haluan kiitt\u00e4\u00e4 sinua \u2013 ilman sinua, unelmani eiv\u00e4t olisi k\u00e4yneet toteen. Kiitos, kun teet niist\u00e4 mahdollisia ja olet mukana luomassa SeeB:n tarinaa.<\/div><div>\u00a0<\/div><div>Olen Sara, SeeB:n perustaja. Urheilu on aina ollut l\u00e4hell\u00e4 syd\u00e4nt\u00e4ni ja osa el\u00e4m\u00e4\u00e4ni jo pienest\u00e4 tyt\u00f6st\u00e4 l\u00e4htien. Kuntosalin aloitin, kun olin 14-vuotias ja se on pysynyt vierell\u00e4ni siit\u00e4 l\u00e4htien. Voisinkin sanoa, ett\u00e4 kuntosali on minulle el\u00e4m\u00e4ntapa, eik\u00e4 en\u00e4\u00e4 vain harrastus.<\/div><div>\u00a0<\/div><div>Kuntosalilla k\u00e4ynti on opettanut minulle niin paljon uutta itsest\u00e4ni ja auttanut minua ymm\u00e4rt\u00e4m\u00e4\u00e4n, ett\u00e4 mik\u00e4 vain on mahdollista, kun antaa itsest\u00e4\u00e4n kaiken.<\/div><div>\u00a0<\/div>\t\t\t\t\t\t\t\t<\/div>\n\t\t\t\t<\/div>\n\t\t\t\t<\/div>\n\t\t\t\t<\/div>\n\t\t<div class=\"elementor-element elementor-element-25e551e e-con-full e-flex e-con e-child\" data-id=\"25e551e\" data-element_type=\"container\" data-e-type=\"container\">\n\t\t<div class=\"elementor-element elementor-element-ae9ebeb e-con-full e-flex e-con e-child\" data-id=\"ae9ebeb\" data-element_type=\"container\" data-e-type=\"container\">\n\t\t\t\t<div class=\"elementor-element elementor-element-2fcc509 elementor-widget elementor-widget-heading\" data-id=\"2fcc509\" data-element_type=\"widget\" data-e-type=\"widget\" data-widget_type=\"heading.default\">\n\t\t\t\t<div class=\"elementor-widget-container\">\n\t\t\t\t\t<h2 class=\"elementor-heading-title elementor-size-default\"> See Your Beauty<\/h2>\t\t\t\t<\/div>\n\t\t\t\t<\/div>\n\t\t\t\t<div class=\"elementor-element elementor-element-8af48d1 elementor-widget elementor-widget-text-editor\" data-id=\"8af48d1\" data-element_type=\"widget\" data-e-type=\"widget\" data-widget_type=\"text-editor.default\">\n\t\t\t\t<div class=\"elementor-widget-container\">\n\t\t\t\t\t\t\t\t\t<p>Treeni kulkee aina paremmin, kun on itsevarma ja hyv\u00e4 olo omassa kehossa \u2013 itseasiassa kaikki el\u00e4m\u00e4ss\u00e4 tuntuu silloin paremmalta. Siksi SeeB syntyi. SeeB:n tarkoitus on tuoda jokaiselle naiselle itsevarma olo niin treenatessa kuin aktiivisen arjenkin keskell\u00e4. Oli kehosi millainen tahansa, se on kaunis. Ja siksi nimeksi valikoitui SeeB: <em><strong>\u201cSee Your Beauty\u201d<\/strong><\/em>.<\/p><p>SeeB:n vaatteet auttavat sinua n\u00e4kem\u00e4\u00e4n uniikin kauneutesi, korostamaan kurvejasi ja kantamaan kehoasi niin kuin jokaisen naisen sit\u00e4 kuuluu kantaa: ylpeydell\u00e4, itsevarmuudella ja rakkaudella.<\/p><p>Tervetuloa perheeseen &lt;3<\/p>\t\t\t\t\t\t\t\t<\/div>\n\t\t\t\t<\/div>\n\t\t\t\t<\/div>\n\t\t<div class=\"elementor-element elementor-element-6e632be e-con-full e-flex e-con e-child\" data-id=\"6e632be\" data-element_type=\"container\" data-e-type=\"container\">\n\t\t\t\t<div class=\"elementor-element elementor-element-355ab16 elementor-invisible elementor-widget elementor-widget-image\" data-id=\"355ab16\" data-element_type=\"widget\" data-e-type=\"widget\" data-settings=\"{&quot;_animation&quot;:&quot;fadeIn&quot;}\" data-widget_type=\"image.default\">\n\t\t\t\t<div class=\"elementor-widget-container\">\n\t\t\t\t\t\t\t\t\t\t\t\t\t\t\t<img decoding=\"async\" width=\"1286\" height=\"1560\" src=\"https:\/\/seebactivewear.com\/wp-content\/uploads\/2025\/02\/sarav2.jpg\" class=\"attachment-full size-full wp-image-1709 wvs-archive-product-image\" alt=\"\" srcset=\"https:\/\/seebactivewear.com\/wp-content\/uploads\/2025\/02\/sarav2.jpg 1286w, https:\/\/seebactivewear.com\/wp-content\/uploads\/2025\/02\/sarav2-247x300.jpg 247w, https:\/\/seebactivewear.com\/wp-content\/uploads\/2025\/02\/sarav2-844x1024.jpg 844w, https:\/\/seebactivewear.com\/wp-content\/uploads\/2025\/02\/sarav2-768x932.jpg 768w, https:\/\/seebactivewear.com\/wp-content\/uploads\/2025\/02\/sarav2-1266x1536.jpg 1266w, https:\/\/seebactivewear.com\/wp-content\/uploads\/2025\/02\/sarav2-10x12.jpg 10w, https:\/\/seebactivewear.com\/wp-content\/uploads\/2025\/02\/sarav2-300x364.jpg 300w, https:\/\/seebactivewear.com\/wp-content\/uploads\/2025\/02\/sarav2-600x728.jpg 600w\" sizes=\"(max-width: 1286px) 100vw, 1286px\" \/>\t\t\t\t\t\t\t\t\t\t\t\t\t\t\t<\/div>\n\t\t\t\t<\/div>\n\t\t\t\t<\/div>\n\t\t\t\t<\/div>\n\t\t\t\t<\/div>\n\t\t\t\t<\/div>","protected":false},"excerpt":{"rendered":"<p>about us SEE your BEAUTY with SeeB At SeeB, we&#8217;re more than just activewear \u2013 we&#8217;re a community built on confidence, empowerment, and self-love. Our mission is to inspire every woman to feel her best, whether she&#8217;s at the gym or navigating her daily life.\u00a0 Hi! First and foremost, I want to thank you \u2013 [&hellip;]<\/p>\n","protected":false},"author":1,"featured_media":0,"parent":0,"menu_order":0,"comment_status":"closed","ping_status":"closed","template":"elementor_header_footer","meta":{"_acf_changed":false,"footnotes":""},"class_list":["post-457","page","type-page","status-publish","hentry"],"acf":[],"yoast_head":"<!-- This site is optimized with the Yoast SEO plugin v27.5 - https:\/\/yoast.com\/product\/yoast-seo-wordpress\/ -->\n<title>Our Story - SeeB<\/title>\n<meta name=\"robots\" content=\"index, follow, max-snippet:-1, max-image-preview:large, max-video-preview:-1\" \/>\n<link rel=\"canonical\" href=\"https:\/\/seebactivewear.com\/fi\/our-story\/\" \/>\n<meta property=\"og:locale\" content=\"fi_FI\" \/>\n<meta property=\"og:type\" content=\"article\" \/>\n<meta property=\"og:title\" content=\"Our Story - SeeB\" \/>\n<meta property=\"og:description\" content=\"about us SEE your BEAUTY with SeeB At SeeB, we&#8217;re more than just activewear \u2013 we&#8217;re a community built on confidence, empowerment, and self-love. Our mission is to inspire every woman to feel her best, whether she&#8217;s at the gym or navigating her daily life.\u00a0 Hi! First and foremost, I want to thank you \u2013 [&hellip;]\" \/>\n<meta property=\"og:url\" content=\"https:\/\/seebactivewear.com\/fi\/our-story\/\" \/>\n<meta property=\"og:site_name\" content=\"SeeB\" \/>\n<meta property=\"article:modified_time\" content=\"2025-02-27T11:00:24+00:00\" \/>\n<meta property=\"og:image\" content=\"https:\/\/seebactivewear.com\/wp-content\/uploads\/2025\/02\/sara-v1.jpg\" \/>\n\t<meta property=\"og:image:width\" content=\"1286\" \/>\n\t<meta property=\"og:image:height\" content=\"1560\" \/>\n\t<meta property=\"og:image:type\" content=\"image\/jpeg\" \/>\n<meta name=\"twitter:card\" content=\"summary_large_image\" \/>\n<meta name=\"twitter:label1\" content=\"Est. reading time\" \/>\n\t<meta name=\"twitter:data1\" content=\"2 minuuttia\" \/>\n<script type=\"application\/ld+json\" class=\"yoast-schema-graph\">{\"@context\":\"https:\\\/\\\/schema.org\",\"@graph\":[{\"@type\":\"WebPage\",\"@id\":\"https:\\\/\\\/seebactivewear.com\\\/our-story\\\/\",\"url\":\"https:\\\/\\\/seebactivewear.com\\\/our-story\\\/\",\"name\":\"Our Story - SeeB\",\"isPartOf\":{\"@id\":\"https:\\\/\\\/seebactivewear.com\\\/#website\"},\"primaryImageOfPage\":{\"@id\":\"https:\\\/\\\/seebactivewear.com\\\/our-story\\\/#primaryimage\"},\"image\":{\"@id\":\"https:\\\/\\\/seebactivewear.com\\\/our-story\\\/#primaryimage\"},\"thumbnailUrl\":\"https:\\\/\\\/seebactivewear.com\\\/wp-content\\\/uploads\\\/2025\\\/02\\\/sara-v1.jpg\",\"datePublished\":\"2025-01-27T11:51:35+00:00\",\"dateModified\":\"2025-02-27T11:00:24+00:00\",\"breadcrumb\":{\"@id\":\"https:\\\/\\\/seebactivewear.com\\\/our-story\\\/#breadcrumb\"},\"inLanguage\":\"fi\",\"potentialAction\":[{\"@type\":\"ReadAction\",\"target\":[\"https:\\\/\\\/seebactivewear.com\\\/our-story\\\/\"]}]},{\"@type\":\"ImageObject\",\"inLanguage\":\"fi\",\"@id\":\"https:\\\/\\\/seebactivewear.com\\\/our-story\\\/#primaryimage\",\"url\":\"https:\\\/\\\/seebactivewear.com\\\/wp-content\\\/uploads\\\/2025\\\/02\\\/sara-v1.jpg\",\"contentUrl\":\"https:\\\/\\\/seebactivewear.com\\\/wp-content\\\/uploads\\\/2025\\\/02\\\/sara-v1.jpg\"},{\"@type\":\"BreadcrumbList\",\"@id\":\"https:\\\/\\\/seebactivewear.com\\\/our-story\\\/#breadcrumb\",\"itemListElement\":[{\"@type\":\"ListItem\",\"position\":1,\"name\":\"Home\",\"item\":\"https:\\\/\\\/seebactivewear.com\\\/\"},{\"@type\":\"ListItem\",\"position\":2,\"name\":\"Our Story\"}]},{\"@type\":\"WebSite\",\"@id\":\"https:\\\/\\\/seebactivewear.com\\\/#website\",\"url\":\"https:\\\/\\\/seebactivewear.com\\\/\",\"name\":\"SeeB\",\"description\":\"See Your Beauty\",\"publisher\":{\"@id\":\"https:\\\/\\\/seebactivewear.com\\\/#organization\"},\"potentialAction\":[{\"@type\":\"SearchAction\",\"target\":{\"@type\":\"EntryPoint\",\"urlTemplate\":\"https:\\\/\\\/seebactivewear.com\\\/?s={search_term_string}\"},\"query-input\":{\"@type\":\"PropertyValueSpecification\",\"valueRequired\":true,\"valueName\":\"search_term_string\"}}],\"inLanguage\":\"fi\"},{\"@type\":\"Organization\",\"@id\":\"https:\\\/\\\/seebactivewear.com\\\/#organization\",\"name\":\"SeeB\",\"url\":\"https:\\\/\\\/seebactivewear.com\\\/\",\"logo\":{\"@type\":\"ImageObject\",\"inLanguage\":\"fi\",\"@id\":\"https:\\\/\\\/seebactivewear.com\\\/#\\\/schema\\\/logo\\\/image\\\/\",\"url\":\"https:\\\/\\\/seebactivewear.com\\\/wp-content\\\/uploads\\\/2025\\\/01\\\/seeb-logo.png\",\"contentUrl\":\"https:\\\/\\\/seebactivewear.com\\\/wp-content\\\/uploads\\\/2025\\\/01\\\/seeb-logo.png\",\"width\":91,\"height\":48,\"caption\":\"SeeB\"},\"image\":{\"@id\":\"https:\\\/\\\/seebactivewear.com\\\/#\\\/schema\\\/logo\\\/image\\\/\"}}]}<\/script>\n<!-- \/ Yoast SEO plugin. -->","yoast_head_json":{"title":"Our Story - SeeB","robots":{"index":"index","follow":"follow","max-snippet":"max-snippet:-1","max-image-preview":"max-image-preview:large","max-video-preview":"max-video-preview:-1"},"canonical":"https:\/\/seebactivewear.com\/fi\/our-story\/","og_locale":"fi_FI","og_type":"article","og_title":"Our Story - SeeB","og_description":"about us SEE your BEAUTY with SeeB At SeeB, we&#8217;re more than just activewear \u2013 we&#8217;re a community built on confidence, empowerment, and self-love. Our mission is to inspire every woman to feel her best, whether she&#8217;s at the gym or navigating her daily life.\u00a0 Hi! First and foremost, I want to thank you \u2013 [&hellip;]","og_url":"https:\/\/seebactivewear.com\/fi\/our-story\/","og_site_name":"SeeB","article_modified_time":"2025-02-27T11:00:24+00:00","og_image":[{"width":1286,"height":1560,"url":"https:\/\/seebactivewear.com\/wp-content\/uploads\/2025\/02\/sara-v1.jpg","type":"image\/jpeg"}],"twitter_card":"summary_large_image","twitter_misc":{"Est. reading time":"2 minuuttia"},"schema":{"@context":"https:\/\/schema.org","@graph":[{"@type":"WebPage","@id":"https:\/\/seebactivewear.com\/our-story\/","url":"https:\/\/seebactivewear.com\/our-story\/","name":"Our Story - SeeB","isPartOf":{"@id":"https:\/\/seebactivewear.com\/#website"},"primaryImageOfPage":{"@id":"https:\/\/seebactivewear.com\/our-story\/#primaryimage"},"image":{"@id":"https:\/\/seebactivewear.com\/our-story\/#primaryimage"},"thumbnailUrl":"https:\/\/seebactivewear.com\/wp-content\/uploads\/2025\/02\/sara-v1.jpg","datePublished":"2025-01-27T11:51:35+00:00","dateModified":"2025-02-27T11:00:24+00:00","breadcrumb":{"@id":"https:\/\/seebactivewear.com\/our-story\/#breadcrumb"},"inLanguage":"fi","potentialAction":[{"@type":"ReadAction","target":["https:\/\/seebactivewear.com\/our-story\/"]}]},{"@type":"ImageObject","inLanguage":"fi","@id":"https:\/\/seebactivewear.com\/our-story\/#primaryimage","url":"https:\/\/seebactivewear.com\/wp-content\/uploads\/2025\/02\/sara-v1.jpg","contentUrl":"https:\/\/seebactivewear.com\/wp-content\/uploads\/2025\/02\/sara-v1.jpg"},{"@type":"BreadcrumbList","@id":"https:\/\/seebactivewear.com\/our-story\/#breadcrumb","itemListElement":[{"@type":"ListItem","position":1,"name":"Home","item":"https:\/\/seebactivewear.com\/"},{"@type":"ListItem","position":2,"name":"Our Story"}]},{"@type":"WebSite","@id":"https:\/\/seebactivewear.com\/#website","url":"https:\/\/seebactivewear.com\/","name":"SeeB","description":"See Your Beauty","publisher":{"@id":"https:\/\/seebactivewear.com\/#organization"},"potentialAction":[{"@type":"SearchAction","target":{"@type":"EntryPoint","urlTemplate":"https:\/\/seebactivewear.com\/?s={search_term_string}"},"query-input":{"@type":"PropertyValueSpecification","valueRequired":true,"valueName":"search_term_string"}}],"inLanguage":"fi"},{"@type":"Organization","@id":"https:\/\/seebactivewear.com\/#organization","name":"SeeB","url":"https:\/\/seebactivewear.com\/","logo":{"@type":"ImageObject","inLanguage":"fi","@id":"https:\/\/seebactivewear.com\/#\/schema\/logo\/image\/","url":"https:\/\/seebactivewear.com\/wp-content\/uploads\/2025\/01\/seeb-logo.png","contentUrl":"https:\/\/seebactivewear.com\/wp-content\/uploads\/2025\/01\/seeb-logo.png","width":91,"height":48,"caption":"SeeB"},"image":{"@id":"https:\/\/seebactivewear.com\/#\/schema\/logo\/image\/"}}]}},"_links":{"self":[{"href":"https:\/\/seebactivewear.com\/fi\/wp-json\/wp\/v2\/pages\/457","targetHints":{"allow":["GET"]}}],"collection":[{"href":"https:\/\/seebactivewear.com\/fi\/wp-json\/wp\/v2\/pages"}],"about":[{"href":"https:\/\/seebactivewear.com\/fi\/wp-json\/wp\/v2\/types\/page"}],"author":[{"embeddable":true,"href":"https:\/\/seebactivewear.com\/fi\/wp-json\/wp\/v2\/users\/1"}],"replies":[{"embeddable":true,"href":"https:\/\/seebactivewear.com\/fi\/wp-json\/wp\/v2\/comments?post=457"}],"version-history":[{"count":68,"href":"https:\/\/seebactivewear.com\/fi\/wp-json\/wp\/v2\/pages\/457\/revisions"}],"predecessor-version":[{"id":1712,"href":"https:\/\/seebactivewear.com\/fi\/wp-json\/wp\/v2\/pages\/457\/revisions\/1712"}],"wp:attachment":[{"href":"https:\/\/seebactivewear.com\/fi\/wp-json\/wp\/v2\/media?parent=457"}],"curies":[{"name":"wp","href":"https:\/\/api.w.org\/{rel}","templated":true}]}}